{"id":8,"date":"2020-09-11T13:24:13","date_gmt":"2020-09-11T16:24:13","guid":{"rendered":"https:\/\/filmotrope.com\/pt\/?page_id=8"},"modified":"2023-02-10T17:37:56","modified_gmt":"2023-02-10T20:37:56","slug":"criticas-de-filmes","status":"publish","type":"page","link":"https:\/\/filmotrope.com\/pt\/criticas-de-filmes","title":{"rendered":"Cr\u00edticas de Filmes"},"content":{"rendered":"<div id=\"tdi_1\" class=\"tdc-zone\"><div class=\"tdc_zone tdi_2 \">\n<style scoped>\n\/* custom css - generated by TagDiv Composer *\/\n\n\/* custom css - generated by TagDiv Composer *\/\n.tdi_2{\n                    min-height: 0;\n                }\n<\/style><div id=\"tdi_3\" class=\"tdc-row\"><div class=\"vc_row tdi_4  wpb_row td-pb-row\">\n<style scoped>\n\/* custom css - generated by TagDiv Composer *\/\n\n\/* custom css - generated by TagDiv Composer *\/\n.tdi_4,\n                .tdi_4 .tdc-columns{\n                    min-height: 0;\n                }\n<\/style><div class=\"vc_column tdi_6  wpb_column vc_column_container tdc-column td-pb-span12\">\n<style scoped>\n\/* custom css - generated by TagDiv Composer *\/\n\n\/* custom css - generated by TagDiv Composer *\/\n.tdi_6{\n                    vertical-align: baseline;\n                }\n<\/style><div class=\"wpb_wrapper\"><div class=\"td_block_wrap td_block_4 tdi_7 td_with_ajax_pagination td-pb-border-top td_block_template_1\" data-td-block-uid=\"tdi_7\">\n<style>\n.tdi_7 .td_module_wrap:hover .entry-title a,\n            .tdi_7 .td-load-more-wrap a:hover,\n        \t.tdi_7 .td_quote_on_blocks,\n        \t.tdi_7 .td-wrapper-pulldown-filter .td-pulldown-filter-display-option:hover,\n        \t.tdi_7 .td-wrapper-pulldown-filter a.td-pulldown-filter-link:hover,\n        \t.tdi_7 .td-instagram-user a {\n                color: #056675;\n            }\n\n            .tdi_7 .td-next-prev-wrap a:hover i {\n                background-color: #056675;\n                border-color: #056675;\n            }\n\n            .tdi_7 .td_module_wrap .td-post-category:hover,\n\t\t\t.tdi_7 .td-trending-now-title,\n            .tdi_7 .block-title span,\n            .tdi_7 .td-weather-information:before,\n            .tdi_7 .td-weather-week:before,\n            .tdi_7 .td-exchange-header:before,\n            .tdi_7 .block-title a {\n                background-color: #056675;\n            }\n<\/style>\n<style>\n\/* custom css - generated by TagDiv Composer *\/\n.tdi_7 .td-post-vid-time{\n\t\t\t\t\tdisplay: block;\n\t\t\t\t}\n<\/style><script>var block_tdi_7 = new tdBlock();\nblock_tdi_7.id = \"tdi_7\";\nblock_tdi_7.atts = '{\"custom_title\":\"Cr\\u00edticas\",\"header_color\":\"#056675\",\"limit\":\"3\",\"sort\":\"\",\"td_ajax_filter_type\":\"td_category_ids_filter\",\"ajax_pagination\":\"next_prev\",\"td_filter_default_txt\":\"Todos\",\"post_ids\":\"468, 679, 77, 528, 26, 410\",\"block_type\":\"td_block_4\",\"separator\":\"\",\"custom_url\":\"\",\"title_tag\":\"\",\"block_template_id\":\"\",\"border_top\":\"\",\"color_preset\":\"\",\"m2_tl\":\"\",\"m2_title_tag\":\"\",\"m2_el\":\"\",\"category_id\":\"\",\"category_ids\":\"\",\"tag_slug\":\"\",\"autors_id\":\"\",\"installed_post_types\":\"\",\"offset\":\"\",\"open_in_new_window\":\"\",\"show_modified_date\":\"\",\"video_popup\":\"\",\"video_rec\":\"\",\"video_rec_title\":\"\",\"show_vid_t\":\"block\",\"el_class\":\"\",\"td_ajax_filter_ids\":\"\",\"td_ajax_preloading\":\"\",\"f_header_font_header\":\"\",\"f_header_font_title\":\"Block header\",\"f_header_font_settings\":\"\",\"f_header_font_family\":\"\",\"f_header_font_size\":\"\",\"f_header_font_line_height\":\"\",\"f_header_font_style\":\"\",\"f_header_font_weight\":\"\",\"f_header_font_transform\":\"\",\"f_header_font_spacing\":\"\",\"f_header_\":\"\",\"f_ajax_font_title\":\"Ajax categories\",\"f_ajax_font_settings\":\"\",\"f_ajax_font_family\":\"\",\"f_ajax_font_size\":\"\",\"f_ajax_font_line_height\":\"\",\"f_ajax_font_style\":\"\",\"f_ajax_font_weight\":\"\",\"f_ajax_font_transform\":\"\",\"f_ajax_font_spacing\":\"\",\"f_ajax_\":\"\",\"f_more_font_title\":\"Load more button\",\"f_more_font_settings\":\"\",\"f_more_font_family\":\"\",\"f_more_font_size\":\"\",\"f_more_font_line_height\":\"\",\"f_more_font_style\":\"\",\"f_more_font_weight\":\"\",\"f_more_font_transform\":\"\",\"f_more_font_spacing\":\"\",\"f_more_\":\"\",\"m2f_title_font_header\":\"\",\"m2f_title_font_title\":\"Article title\",\"m2f_title_font_settings\":\"\",\"m2f_title_font_family\":\"\",\"m2f_title_font_size\":\"\",\"m2f_title_font_line_height\":\"\",\"m2f_title_font_style\":\"\",\"m2f_title_font_weight\":\"\",\"m2f_title_font_transform\":\"\",\"m2f_title_font_spacing\":\"\",\"m2f_title_\":\"\",\"m2f_cat_font_title\":\"Article category tag\",\"m2f_cat_font_settings\":\"\",\"m2f_cat_font_family\":\"\",\"m2f_cat_font_size\":\"\",\"m2f_cat_font_line_height\":\"\",\"m2f_cat_font_style\":\"\",\"m2f_cat_font_weight\":\"\",\"m2f_cat_font_transform\":\"\",\"m2f_cat_font_spacing\":\"\",\"m2f_cat_\":\"\",\"m2f_meta_font_title\":\"Article meta info\",\"m2f_meta_font_settings\":\"\",\"m2f_meta_font_family\":\"\",\"m2f_meta_font_size\":\"\",\"m2f_meta_font_line_height\":\"\",\"m2f_meta_font_style\":\"\",\"m2f_meta_font_weight\":\"\",\"m2f_meta_font_transform\":\"\",\"m2f_meta_font_spacing\":\"\",\"m2f_meta_\":\"\",\"m2f_ex_font_title\":\"Article excerpt\",\"m2f_ex_font_settings\":\"\",\"m2f_ex_font_family\":\"\",\"m2f_ex_font_size\":\"\",\"m2f_ex_font_line_height\":\"\",\"m2f_ex_font_style\":\"\",\"m2f_ex_font_weight\":\"\",\"m2f_ex_font_transform\":\"\",\"m2f_ex_font_spacing\":\"\",\"m2f_ex_\":\"\",\"ajax_pagination_infinite_stop\":\"\",\"css\":\"\",\"tdc_css\":\"\",\"td_column_number\":3,\"ajax_pagination_next_prev_swipe\":\"\",\"class\":\"tdi_7\",\"tdc_css_class\":\"tdi_7\",\"tdc_css_class_style\":\"tdi_7_rand_style\"}';\nblock_tdi_7.td_column_number = \"3\";\nblock_tdi_7.block_type = \"td_block_4\";\nblock_tdi_7.post_count = \"3\";\nblock_tdi_7.found_posts = \"6\";\nblock_tdi_7.header_color = \"#056675\";\nblock_tdi_7.ajax_pagination_infinite_stop = \"\";\nblock_tdi_7.max_num_pages = \"2\";\ntdBlocksArray.push(block_tdi_7);\n<\/script><h4 class=\"block-title\"><span class=\"td-pulldown-size\">Cr\u00edticas<\/span><\/h4><div class=\"td-wrapper-pulldown-filter\"><div class=\"td-pulldown-filter-display-option\"><div id=\"td-pulldown-tdi_7-val\"><span>Todos <\/span><i class=\"td-icon-menu-down\"><\/i><\/div><ul class=\"td-pulldown-filter-list\"><li class=\"td-pulldown-filter-item\"><a class=\"td-pulldown-filter-link\" id=\"tdi_8\" data-td_filter_value data-td_block_id=\"tdi_7\" href=\"#\">Todos<\/a><\/li><li class=\"td-pulldown-filter-item\"><a class=\"td-pulldown-filter-link\" id=\"tdi_9\" data-td_filter_value=\"21\" data-td_block_id=\"tdi_7\" href=\"#\">Cober\u00adtu\u00adra<\/a><\/li><li class=\"td-pulldown-filter-item\"><a class=\"td-pulldown-filter-link\" id=\"tdi_10\" data-td_filter_value=\"6\" data-td_block_id=\"tdi_7\" href=\"#\">Com\u00e9\u00addia<\/a><\/li><li class=\"td-pulldown-filter-item\"><a class=\"td-pulldown-filter-link\" id=\"tdi_11\" data-td_filter_value=\"34\" data-td_block_id=\"tdi_7\" href=\"#\">Docu\u00admen\u00adt\u00e1\u00adrio<\/a><\/li><li class=\"td-pulldown-filter-item\"><a class=\"td-pulldown-filter-link\" id=\"tdi_12\" data-td_filter_value=\"2\" data-td_block_id=\"tdi_7\" href=\"#\">Dra\u00adma<\/a><\/li><li class=\"td-pulldown-filter-item\"><a class=\"td-pulldown-filter-link\" id=\"tdi_13\" data-td_filter_value=\"7\" data-td_block_id=\"tdi_7\" href=\"#\">Fan\u00adta\u00adsia<\/a><\/li><li class=\"td-pulldown-filter-item\"><a class=\"td-pulldown-filter-link\" id=\"tdi_14\" data-td_filter_value=\"3\" data-td_block_id=\"tdi_7\" href=\"#\">Fea\u00adtu\u00adred<\/a><\/li><li class=\"td-pulldown-filter-item\"><a class=\"td-pulldown-filter-link\" id=\"tdi_15\" data-td_filter_value=\"14\" data-td_block_id=\"tdi_7\" href=\"#\">Poli\u00adci\u00adal<\/a><\/li><\/ul><\/div><\/div><div id=\"tdi_7\" class=\"td_block_inner\">\n\n\t<div class=\"td-block-row\">\n\n\t<div class=\"td-block-span4\">\n\n        <div class=\"td_module_2 td_module_wrap td-animation-stack td-cpt-post\">\n            <div class=\"td-module-image\">\n                <div class=\"td-module-thumb\"><a href=\"https:\/\/filmotrope.com\/pt\/ana-sem-titulo\" rel=\"bookmark\" class=\"td-image-wrap \" title=\"Mais futuro que passado: Ana. Sem T\u00edtulo\"><img loading=\"lazy\" decoding=\"async\" class=\"entry-thumb\" src alt=\"Ana Sem T\u00edtulo (filme)\" title=\"Mais futuro que passado: Ana. Sem T\u00edtulo\" data-type=\"image_tag\" data-img-url=\"https:\/\/filmotrope.com\/pt\/wp-content\/uploads\/sites\/2\/2020\/11\/Ana-Sem-Titulo-1-300x160.jpg\" data-img-retina-url=\"https:\/\/filmotrope.com\/pt\/wp-content\/uploads\/sites\/2\/2020\/11\/Ana-Sem-Titulo-1-600x320.jpg\" width=\"300\" height=\"160\"><\/a><\/div>                                            <\/div>\n\n            <h3 class=\"entry-title td-module-title\"><a href=\"https:\/\/filmotrope.com\/pt\/ana-sem-titulo\" rel=\"bookmark\" title=\"Mais futuro que passado: Ana. Sem T\u00edtulo\">Mais futuro que passado: Ana. Sem T\u00edtulo<\/a><\/h3>\n            <div class=\"meta-info\">\n                                                <span class=\"td-post-date\"><time class=\"entry-date updated td-module-date\" datetime=\"2020-11-20T23:24:06-03:00\">20 de novem\u00adbro de 2020<\/time><\/span>                            <\/div>\n\n\n            <div class=\"td-excerpt\">\n                Em mais uma bela rea\u00adva\u00adli\u00ada\u00ad\u00e7\u00e3o his\u00adt\u00f3\u00adri\u00adca, L\u00facia Murat con\u00adtras\u00adta um pas\u00adsa\u00addo opres\u00adsi\u00advo com um pre\u00adsen\u00adte que tem mui\u00adto ain\u00adda o que aprender.&nbsp;<\/div>\n\n            \n        <\/div>\n\n        \n\t<\/div> <!-- .\/td-block-span4 -->\n\n\t<div class=\"td-block-span4\">\n\n        <div class=\"td_module_2 td_module_wrap td-animation-stack td-cpt-post\">\n            <div class=\"td-module-image\">\n                <div class=\"td-module-thumb\"><a href=\"https:\/\/filmotrope.com\/pt\/deserto-particular\" rel=\"bookmark\" class=\"td-image-wrap \" title=\"N\u00e3o era s\u00f3 o ar que me faltava: Deserto Particular\"><img loading=\"lazy\" decoding=\"async\" class=\"entry-thumb\" src alt=\"Deserto Particular (filme)\" title=\"N\u00e3o era s\u00f3 o ar que me faltava: Deserto Particular\" data-type=\"image_tag\" data-img-url=\"https:\/\/filmotrope.com\/pt\/wp-content\/uploads\/sites\/2\/2023\/02\/Deserto-Particular-filme-300x160.png\" data-img-retina-url=\"https:\/\/filmotrope.com\/pt\/wp-content\/uploads\/sites\/2\/2023\/02\/Deserto-Particular-filme-600x320.png\" width=\"300\" height=\"160\"><\/a><\/div>                                            <\/div>\n\n            <h3 class=\"entry-title td-module-title\"><a href=\"https:\/\/filmotrope.com\/pt\/deserto-particular\" rel=\"bookmark\" title=\"N\u00e3o era s\u00f3 o ar que me faltava: Deserto Particular\">N\u00e3o era s\u00f3 o ar que me faltava: Deserto Particular<\/a><\/h3>\n            <div class=\"meta-info\">\n                                                <span class=\"td-post-date\"><time class=\"entry-date updated td-module-date\" datetime=\"2023-02-10T17:36:04-03:00\">10 de feve\u00adrei\u00adro de 2023<\/time><\/span>                            <\/div>\n\n\n            <div class=\"td-excerpt\">\n                Com o envol\u00adven\u00adte <i>Deser\u00adto Par\u00adti\u00adcu\u00adlar<\/i>, Aly Muri\u00adti\u00adba dis\u00adcu\u00adte iden\u00adti\u00adda\u00adde atra\u00adv\u00e9s de um roman\u00adce at\u00ed\u00adpi\u00adco que sur\u00adpre\u00aden\u00adde de diver\u00adsas maneiras.&nbsp;<\/div>\n\n            \n        <\/div>\n\n        \n\t<\/div> <!-- .\/td-block-span4 -->\n\n\t<div class=\"td-block-span4\">\n\n        <div class=\"td_module_2 td_module_wrap td-animation-stack td-cpt-post\">\n            <div class=\"td-module-image\">\n                <div class=\"td-module-thumb\"><a href=\"https:\/\/filmotrope.com\/pt\/o-homem-que-copiava\" rel=\"bookmark\" class=\"td-image-wrap \" title=\"Voc\u00ea \u00e9 o que voc\u00ea l\u00ea: O Homem Que Copiava\"><img loading=\"lazy\" decoding=\"async\" class=\"entry-thumb\" src alt=\"O Homem Que Copiava (filme)\" title=\"Voc\u00ea \u00e9 o que voc\u00ea l\u00ea: O Homem Que Copiava\" data-type=\"image_tag\" data-img-url=\"https:\/\/filmotrope.com\/pt\/wp-content\/uploads\/sites\/2\/2020\/09\/O-homem-que-copiava-300x160.jpg\" data-img-retina-url=\"https:\/\/filmotrope.com\/pt\/wp-content\/uploads\/sites\/2\/2020\/09\/O-homem-que-copiava-600x320.jpg\" width=\"300\" height=\"160\"><\/a><\/div>                                            <\/div>\n\n            <h3 class=\"entry-title td-module-title\"><a href=\"https:\/\/filmotrope.com\/pt\/o-homem-que-copiava\" rel=\"bookmark\" title=\"Voc\u00ea \u00e9 o que voc\u00ea l\u00ea: O Homem Que Copiava\">Voc\u00ea \u00e9 o que voc\u00ea l\u00ea: O Homem Que Copiava<\/a><\/h3>\n            <div class=\"meta-info\">\n                                                <span class=\"td-post-date\"><time class=\"entry-date updated td-module-date\" datetime=\"2020-09-16T10:30:36-03:00\">16 de setem\u00adbro de 2020<\/time><\/span>                            <\/div>\n\n\n            <div class=\"td-excerpt\">\n                <i>O Homem Que Copi\u00ada\u00adva<\/i> desa\u00adfia expec\u00adta\u00adti\u00advas ao lan\u00ad\u00e7ar um olhar diver\u00adti\u00addo e mor\u00addaz aos sonhos de mobi\u00adli\u00adda\u00adde soci\u00adal de um jovem ope\u00adra\u00addor de fotocopiadora.&nbsp;<\/div>\n\n            \n        <\/div>\n\n        \n\t<\/div> <!-- .\/td-block-span4 --><\/div><!--.\/row-fluid--><\/div><div class=\"td-next-prev-wrap\"><a href=\"#\" class=\"td-ajax-prev-page ajax-page-disabled\" aria-label=\"prev-page\" id=\"prev-page-tdi_7\" data-td_block_id=\"tdi_7\"><i class=\"td-next-prev-icon td-icon-font td-icon-menu-left\"><\/i><\/a><a href=\"#\" class=\"td-ajax-next-page\" aria-label=\"next-page\" id=\"next-page-tdi_7\" data-td_block_id=\"tdi_7\"><i class=\"td-next-prev-icon td-icon-font td-icon-menu-right\"><\/i><\/a><\/div><\/div> <!-- .\/block --><\/div><\/div><\/div><\/div><\/div><\/div>","protected":false},"excerpt":{"rendered":"","protected":false},"author":1,"featured_media":0,"parent":0,"menu_order":3,"comment_status":"closed","ping_status":"closed","template":"","meta":{"wp_typography_post_enhancements_disabled":false,"_monsterinsights_skip_tracking":false,"_monsterinsights_sitenote_active":false,"_monsterinsights_sitenote_note":"","_monsterinsights_sitenote_category":0,"footnotes":""},"class_list":["post-8","page","type-page","status-publish","hentry"],"amp_enabled":true,"_links":{"self":[{"href":"https:\/\/filmotrope.com\/pt\/wp-json\/wp\/v2\/pages\/8","targetHints":{"allow":["GET"]}}],"collection":[{"href":"https:\/\/filmotrope.com\/pt\/wp-json\/wp\/v2\/pages"}],"about":[{"href":"https:\/\/filmotrope.com\/pt\/wp-json\/wp\/v2\/types\/page"}],"author":[{"embeddable":true,"href":"https:\/\/filmotrope.com\/pt\/wp-json\/wp\/v2\/users\/1"}],"replies":[{"embeddable":true,"href":"https:\/\/filmotrope.com\/pt\/wp-json\/wp\/v2\/comments?post=8"}],"version-history":[{"count":9,"href":"https:\/\/filmotrope.com\/pt\/wp-json\/wp\/v2\/pages\/8\/revisions"}],"predecessor-version":[{"id":715,"href":"https:\/\/filmotrope.com\/pt\/wp-json\/wp\/v2\/pages\/8\/revisions\/715"}],"wp:attachment":[{"href":"https:\/\/filmotrope.com\/pt\/wp-json\/wp\/v2\/media?parent=8"}],"curies":[{"name":"wp","href":"https:\/\/api.w.org\/{rel}","templated":true}]}}